{"id":328,"date":"2016-06-27T11:47:35","date_gmt":"2016-06-27T16:47:35","guid":{"rendered":"http:\/\/cibaria.mx\/inicio\/?page_id=328"},"modified":"2016-06-27T11:58:00","modified_gmt":"2016-06-27T16:58:00","slug":"cibaria-desarrollos","status":"publish","type":"page","link":"http:\/\/cibaria.mx\/inicio\/cibaria-desarrollos\/","title":{"rendered":"Cibaria Desarrollos"},"content":{"rendered":"<div class=\"desarrollos\">CIBARIA DESARROLLOS<br \/>\nSomos un equipo de Ingenieros en Alimentos y profesionales de la Salud nutricional, dedicados a la investigaci\u00f3n y desarrollo de nuevos productos alimenticios basados en la demanda que existe en el pa\u00eds.<br \/>\nEs decir que juntos nutri\u00f3logos e ingenieros, desarrollamos productos de acuerdo a las necesidades especificas de personas con distintos padecimientos o necesidades especiales, enfoc\u00e1ndonos en productos para Diabetes, Productos para deportistas, Productos para deportistas de alto rendimiento, productos para el adulto mayor, principalmente.Estamos especializados adem\u00e1s en brindar capacitaci\u00f3n y consultor\u00eda en Desarrollo de Nuevos productos alimenticios, Desarrollo de proveedores, realizaci\u00f3n de pruebas piloto, hasta obtener el producto deseado apoyando microempresas o emprendedores con un producto que necesite mejoras. Todo siempre siguiendo una serie de pasos y cuidados con el fin de Brindar el mejor producto al consumidorSomos comercializadores de productos alimenticios saludables de gran impacto para diab\u00e9ticos, deportistas, y personas comunes.<br \/>\nEntre los productos que comercializamos est\u00e1n:<br \/>\nProductos<\/p>\n<p>Proteina Aislada de suero de leche<\/p>\n<p>Proteina Concentrada de Suero de Leche<\/p>\n<p>Semilla de Linaza Pulverizada<\/p>\n<p>Contacto<\/p>\n<p>Llenar un formulario con Nombre direcci\u00f3n tel\u00e9fono e mail y descripci\u00f3n de la necesidad<\/p>\n<p><a href=\"mailto:contacto@cibaria.mx\">contacto@cibaria.mx<\/a> <\/div>\n","protected":false},"excerpt":{"rendered":"<p>CIBARIA DESARROLLOS Somos un equipo de Ingenieros en Alimentos y profesionales de la Salud nutricional, dedicados a la investigaci\u00f3n y desarrollo de nuevos productos alimenticios basados en la demanda que existe en el pa\u00eds. Es decir que juntos nutri\u00f3logos e ingenieros, desarrollamos productos de acuerdo a las necesidades especificas de personas con distintos padecimientos o necesidades especiales, enfoc\u00e1ndonos en productos para Diabetes, Productos para<br \/><a class=\"cta\" href=\"http:\/\/cibaria.mx\/inicio\/cibaria-desarrollos\/\">Leer Mas >><\/a><\/p>\n","protected":false},"author":1,"featured_media":0,"parent":0,"menu_order":0,"comment_status":"closed","ping_status":"closed","template":"","meta":{"jetpack_post_was_ever_published":false},"jetpack_sharing_enabled":true,"jetpack_shortlink":"https:\/\/wp.me\/P6PSvw-5i","jetpack-related-posts":[{"id":205,"url":"http:\/\/cibaria.mx\/inicio\/principal\/","url_meta":{"origin":328,"position":0},"title":"CIBARIA DESARROLLOS","author":"neokindredsp","date":"junio 8, 2016","format":false,"excerpt":"Somos un equipo de Ingenieros en Alimentos y profesionales de la Salud nutricional, dedicados a la investigaci\u00f3n y desarrollo de nuevos productos alimenticios basados en la demanda que existe en el pa\u00eds. Es decir que juntos nutri\u00f3logos e ingenieros, desarrollamos productos de acuerdo a las necesidades especificas de personas con\u2026","rel":"","context":"Entrada similar","block_context":{"text":"Entrada similar","link":""},"img":{"alt_text":"","src":"","width":0,"height":0},"classes":[]},{"id":225,"url":"http:\/\/cibaria.mx\/inicio\/inicio\/","url_meta":{"origin":328,"position":1},"title":"Inicio","author":"neokindredsp","date":"junio 27, 2016","format":false,"excerpt":"Nos dedicamos a proporcionar capacitaciones e implementar sistemas de Gesti\u00f3n a Restaurantes, cafeter\u00edas, Hoteles, etc., funcionando como una herramienta extra para el gerente de operaciones de estas \u00e1reas con el fin de evitar las enfermedades transmitidas por los alimentos. CIBARIA surge por la necesidad de facilitar al manipulador de alimentos\u2026","rel":"","context":"Entrada similar","block_context":{"text":"Entrada similar","link":""},"img":{"alt_text":"","src":"","width":0,"height":0},"classes":[]},{"id":22,"url":"http:\/\/cibaria.mx\/inicio\/normatividad-salud\/","url_meta":{"origin":328,"position":2},"title":"Normatividad Salud","author":"neokindredsp","date":"noviembre 21, 2011","format":false,"excerpt":"Normatividad Salud \u00bfComo enfrentar la nueva normatividad que exige la Secretaria de Salud? Abarca los puntos se\u00f1alados en la NOM-251-SSA1-2009. Al cumplir esta norma se garantiza que las operaciones realizadas en el establecimiento son inocuas, es decir que no causan da\u00f1o al consumidor. \u00a0 Ventajas Producci\u00f3n adecuada de alimentos. Reducci\u00f3n\u2026","rel":"","context":"Entrada similar","block_context":{"text":"Entrada similar","link":""},"img":{"alt_text":"Estandares para la normatividad nacional obligatoria","src":"https:\/\/i0.wp.com\/cibaria.mx\/wp-content\/uploads\/2011\/11\/4.png?resize=350%2C200","width":350,"height":200},"classes":[]},{"id":15,"url":"http:\/\/cibaria.mx\/inicio\/bpm\/","url_meta":{"origin":328,"position":3},"title":"BPM","author":"neokindredsp","date":"noviembre 21, 2011","format":false,"excerpt":"Las Buenas Pr\u00e1cticas de Manufactura (GMP) y los Procedimientos operativos est\u00e1ndares de saneamiento (POES), son normalmente programas pre-requisito que apoyan la implementaci\u00f3n de un sistema HACCP. Las Buenas Pr\u00e1cticas de Manufactura (BPM) se aplican a todos los procesos de manipulaci\u00f3n de alimentos y son una herramienta fundamental para la obtenci\u00f3n\u2026","rel":"","context":"Entrada similar","block_context":{"text":"Entrada similar","link":""},"img":{"alt_text":"","src":"https:\/\/i0.wp.com\/cibaria.mx\/wp-content\/uploads\/2011\/11\/1-300x224.jpg?resize=350%2C200","width":350,"height":200},"classes":[]},{"id":144,"url":"http:\/\/cibaria.mx\/inicio\/te-preparamos-para-los-mas-altos-estandares-%e2%80%a6\/","url_meta":{"origin":328,"position":4},"title":"Te preparamos para los mas altos est\u00e1ndares \u2026..","author":"neokindredsp","date":"diciembre 12, 2011","format":false,"excerpt":"Somos especialistas en facilitar a tu empresa, restaurante o industria alimenticia las herramientas necesarias para cumplir con la normatividad nacional e internacional de inocuidad y calidad. Hacemos equipo con tu negocio para guiarte paso a paso se\u00f1alando y corrigiendo las buenas pr\u00e1cticas de manufactura asegurando su tranquilidad.","rel":"","context":"Entrada similar","block_context":{"text":"Entrada similar","link":""},"img":{"alt_text":"","src":"","width":0,"height":0},"classes":[]},{"id":34,"url":"http:\/\/cibaria.mx\/inicio\/quienes-somos\/","url_meta":{"origin":328,"position":5},"title":"Quienes Somos","author":"neokindredsp","date":"noviembre 21, 2011","format":false,"excerpt":"Cibaria esta formado por un equipo de profesionistas en el ramo de Ingenier\u00eda en Alimentos especializados en las \u00e1reas de Inocuidad, Microbiolog\u00eda, Calidad y mejora continua entre otros. Nos dedicamos a proporcionar capacitaciones y e implementar sistemas de Gesti\u00f3n a Restaurantes, cafeter\u00edas,\u00a0 Hoteles, etc., funcionando como una herramienta extra para\u2026","rel":"","context":"Entrada similar","block_context":{"text":"Entrada similar","link":""},"img":{"alt_text":"","src":"","width":0,"height":0},"classes":[]}],"_links":{"self":[{"href":"http:\/\/cibaria.mx\/inicio\/wp-json\/wp\/v2\/pages\/328"}],"collection":[{"href":"http:\/\/cibaria.mx\/inicio\/wp-json\/wp\/v2\/pages"}],"about":[{"href":"http:\/\/cibaria.mx\/inicio\/wp-json\/wp\/v2\/types\/page"}],"author":[{"embeddable":true,"href":"http:\/\/cibaria.mx\/inicio\/wp-json\/wp\/v2\/users\/1"}],"replies":[{"embeddable":true,"href":"http:\/\/cibaria.mx\/inicio\/wp-json\/wp\/v2\/comments?post=328"}],"version-history":[{"count":10,"href":"http:\/\/cibaria.mx\/inicio\/wp-json\/wp\/v2\/pages\/328\/revisions"}],"predecessor-version":[{"id":334,"href":"http:\/\/cibaria.mx\/inicio\/wp-json\/wp\/v2\/pages\/328\/revisions\/334"}],"wp:attachment":[{"href":"http:\/\/cibaria.mx\/inicio\/wp-json\/wp\/v2\/media?parent=328"}],"curies":[{"name":"wp","href":"https:\/\/api.w.org\/{rel}","templated":true}]}}