{"id":9,"date":"2011-09-07T23:45:42","date_gmt":"2011-09-07T23:45:42","guid":{"rendered":"http:\/\/www.cibaria.mx\/?page_id=9"},"modified":"2011-11-21T18:53:38","modified_gmt":"2011-11-22T00:53:38","slug":"home","status":"publish","type":"page","link":"http:\/\/cibaria.mx\/inicio\/","title":{"rendered":"Inicio"},"content":{"rendered":"","protected":false},"excerpt":{"rendered":"","protected":false},"author":1,"featured_media":0,"parent":0,"menu_order":0,"comment_status":"open","ping_status":"open","template":"page-home.php","meta":{"jetpack_post_was_ever_published":false},"jetpack_sharing_enabled":true,"jetpack_shortlink":"https:\/\/wp.me\/P6PSvw-9","jetpack-related-posts":[{"id":225,"url":"http:\/\/cibaria.mx\/inicio\/inicio\/","url_meta":{"origin":9,"position":0},"title":"Inicio","author":"neokindredsp","date":"junio 27, 2016","format":false,"excerpt":"Nos dedicamos a proporcionar capacitaciones e implementar sistemas de Gesti\u00f3n a Restaurantes, cafeter\u00edas, Hoteles, etc., funcionando como una herramienta extra para el gerente de operaciones de estas \u00e1reas con el fin de evitar las enfermedades transmitidas por los alimentos. CIBARIA surge por la necesidad de facilitar al manipulador de alimentos\u2026","rel":"","context":"Entrada similar","block_context":{"text":"Entrada similar","link":""},"img":{"alt_text":"","src":"","width":0,"height":0},"classes":[]},{"id":36,"url":"http:\/\/cibaria.mx\/inicio\/testimoniales\/","url_meta":{"origin":9,"position":1},"title":"Testimoniales","author":"neokindredsp","date":"noviembre 21, 2011","format":false,"excerpt":"","rel":"","context":"Entrada similar","block_context":{"text":"Entrada similar","link":""},"img":{"alt_text":"","src":"","width":0,"height":0},"classes":[]},{"id":30,"url":"http:\/\/cibaria.mx\/inicio\/contacto\/","url_meta":{"origin":9,"position":2},"title":"Contacto","author":"neokindredsp","date":"noviembre 21, 2011","format":false,"excerpt":"Sierra Leona 444-A Lomas segunda secci\u00f3n San Luis Potosi S.L.P. Tel. 8250495 Cell. 4448 49 35 10 contacto@cibaria.mx","rel":"","context":"Entrada similar","block_context":{"text":"Entrada similar","link":""},"img":{"alt_text":"","src":"","width":0,"height":0},"classes":[]},{"id":34,"url":"http:\/\/cibaria.mx\/inicio\/quienes-somos\/","url_meta":{"origin":9,"position":3},"title":"Quienes Somos","author":"neokindredsp","date":"noviembre 21, 2011","format":false,"excerpt":"Cibaria esta formado por un equipo de profesionistas en el ramo de Ingenier\u00eda en Alimentos especializados en las \u00e1reas de Inocuidad, Microbiolog\u00eda, Calidad y mejora continua entre otros. Nos dedicamos a proporcionar capacitaciones y e implementar sistemas de Gesti\u00f3n a Restaurantes, cafeter\u00edas,\u00a0 Hoteles, etc., funcionando como una herramienta extra para\u2026","rel":"","context":"Entrada similar","block_context":{"text":"Entrada similar","link":""},"img":{"alt_text":"","src":"","width":0,"height":0},"classes":[]},{"id":22,"url":"http:\/\/cibaria.mx\/inicio\/normatividad-salud\/","url_meta":{"origin":9,"position":4},"title":"Normatividad Salud","author":"neokindredsp","date":"noviembre 21, 2011","format":false,"excerpt":"Normatividad Salud \u00bfComo enfrentar la nueva normatividad que exige la Secretaria de Salud? Abarca los puntos se\u00f1alados en la NOM-251-SSA1-2009. Al cumplir esta norma se garantiza que las operaciones realizadas en el establecimiento son inocuas, es decir que no causan da\u00f1o al consumidor. \u00a0 Ventajas Producci\u00f3n adecuada de alimentos. Reducci\u00f3n\u2026","rel":"","context":"Entrada similar","block_context":{"text":"Entrada similar","link":""},"img":{"alt_text":"Estandares para la normatividad nacional obligatoria","src":"https:\/\/i0.wp.com\/cibaria.mx\/wp-content\/uploads\/2011\/11\/4.png?resize=350%2C200","width":350,"height":200},"classes":[]},{"id":12,"url":"http:\/\/cibaria.mx\/inicio\/servicios\/","url_meta":{"origin":9,"position":5},"title":"Servicios","author":"neokindredsp","date":"noviembre 21, 2011","format":false,"excerpt":"En Cibaria ofrecemos asesor\u00eda integral en manejo higi\u00e9nico de alimentos adapt\u00e1ndonos a las necesidades de cada establecimiento, es por ello que dentro de nuestra cartera de servicios se encuentran capacitaciones como: \u201cManejo Higi\u00e9nico de alimentos\u201d \u201cBuenas practicas de manufactura\u201d \u201cProcedimientos est\u00e1ndares de sanitizaci\u00f3n\u201d \"Distintivo H\" Apoyo en implementaci\u00f3n HACCP en\u2026","rel":"","context":"Entrada similar","block_context":{"text":"Entrada similar","link":""},"img":{"alt_text":"","src":"","width":0,"height":0},"classes":[]}],"_links":{"self":[{"href":"http:\/\/cibaria.mx\/inicio\/wp-json\/wp\/v2\/pages\/9"}],"collection":[{"href":"http:\/\/cibaria.mx\/inicio\/wp-json\/wp\/v2\/pages"}],"about":[{"href":"http:\/\/cibaria.mx\/inicio\/wp-json\/wp\/v2\/types\/page"}],"author":[{"embeddable":true,"href":"http:\/\/cibaria.mx\/inicio\/wp-json\/wp\/v2\/users\/1"}],"replies":[{"embeddable":true,"href":"http:\/\/cibaria.mx\/inicio\/wp-json\/wp\/v2\/comments?post=9"}],"version-history":[{"count":2,"href":"http:\/\/cibaria.mx\/inicio\/wp-json\/wp\/v2\/pages\/9\/revisions"}],"predecessor-version":[{"id":19,"href":"http:\/\/cibaria.mx\/inicio\/wp-json\/wp\/v2\/pages\/9\/revisions\/19"}],"wp:attachment":[{"href":"http:\/\/cibaria.mx\/inicio\/wp-json\/wp\/v2\/media?parent=9"}],"curies":[{"name":"wp","href":"https:\/\/api.w.org\/{rel}","templated":true}]}}